{"id":16177,"date":"2021-12-22T19:46:56","date_gmt":"2021-12-23T00:46:56","guid":{"rendered":"https:\/\/amizf.com\/?post_type=product&#038;p=16177"},"modified":"2021-12-22T19:46:57","modified_gmt":"2021-12-23T00:46:57","slug":"materiales-de-empaque","status":"publish","type":"product","link":"https:\/\/amizf.com\/en\/producto\/materiales-de-empaque\/","title":{"rendered":"Materiales de empaque"},"content":{"rendered":"<p>Disponemos de materiales de empaque y embalaje, requeridos para la exportaci\u00f3n de Aguacate Hass Gulupa y Lim\u00f3n Tahit\u00ed<\/p>\n","protected":false},"excerpt":{"rendered":"<p>Disponemos de materiales de empaque y embalaje, requeridos para la exportaci\u00f3n de Aguacate Hass Gulupa y Lim\u00f3n Tahit\u00ed<\/p>\n","protected":false},"featured_media":16033,"template":"","meta":{"ngg_post_thumbnail":0,"_joinchat":[]},"product_brand":[],"product_cat":[71],"product_tag":[74,76,72,73],"class_list":{"0":"post-16177","1":"product","2":"type-product","3":"status-publish","4":"has-post-thumbnail","6":"product_cat-frutas","7":"product_tag-aceite-de-aguacate-crudo-y-extra-virgen","8":"product_tag-aguacate-hass","9":"product_tag-gulupa","10":"product_tag-limon-tahiti","12":"first","13":"instock","14":"shipping-taxable","15":"purchasable","16":"product-type-simple"},"yoast_head":"<!-- This site is optimized with the Yoast SEO plugin v27.5 - https:\/\/yoast.com\/product\/yoast-seo-wordpress\/ -->\n<title>Materiales de empaque - Arcangel Miguel<\/title>\n<meta name=\"description\" content=\"En Arcangel Miguel Internacional tenemos altos est\u00e1ndares de calidad y de manufactura, comercializamos Materiales de empaque y mucho m\u00e1s!\" \/>\n<meta name=\"robots\" content=\"index, follow, max-snippet:-1, max-image-preview:large, max-video-preview:-1\" \/>\n<link rel=\"canonical\" href=\"https:\/\/amizf.com\/en\/producto\/materiales-de-empaque\/\" \/>\n<meta property=\"og:locale\" content=\"en_US\" \/>\n<meta property=\"og:type\" content=\"article\" \/>\n<meta property=\"og:title\" content=\"Materiales de empaque - Arcangel Miguel\" \/>\n<meta property=\"og:description\" content=\"En Arcangel Miguel Internacional tenemos altos est\u00e1ndares de calidad y de manufactura, comercializamos Materiales de empaque y mucho m\u00e1s!\" \/>\n<meta property=\"og:url\" content=\"https:\/\/amizf.com\/en\/producto\/materiales-de-empaque\/\" \/>\n<meta property=\"og:site_name\" content=\"Arcangel Miguel\" \/>\n<meta property=\"article:modified_time\" content=\"2021-12-23T00:46:57+00:00\" \/>\n<meta property=\"og:image\" content=\"https:\/\/amizf.com\/wp-content\/uploads\/2021\/12\/producto-5.png\" \/>\n\t<meta property=\"og:image:width\" content=\"600\" \/>\n\t<meta property=\"og:image:height\" content=\"450\" \/>\n\t<meta property=\"og:image:type\" content=\"image\/png\" \/>\n<meta name=\"twitter:card\" content=\"summary_large_image\" \/>\n<meta name=\"twitter:label1\" content=\"Est. reading time\" \/>\n\t<meta name=\"twitter:data1\" content=\"1 minute\" \/>\n<script type=\"application\/ld+json\" class=\"yoast-schema-graph\">{\"@context\":\"https:\\\/\\\/schema.org\",\"@graph\":[{\"@type\":\"WebPage\",\"@id\":\"https:\\\/\\\/amizf.com\\\/en\\\/producto\\\/materiales-de-empaque\\\/\",\"url\":\"https:\\\/\\\/amizf.com\\\/en\\\/producto\\\/materiales-de-empaque\\\/\",\"name\":\"Materiales de empaque - Arcangel Miguel\",\"isPartOf\":{\"@id\":\"https:\\\/\\\/amizf.com\\\/en\\\/#website\"},\"primaryImageOfPage\":{\"@id\":\"https:\\\/\\\/amizf.com\\\/en\\\/producto\\\/materiales-de-empaque\\\/#primaryimage\"},\"image\":{\"@id\":\"https:\\\/\\\/amizf.com\\\/en\\\/producto\\\/materiales-de-empaque\\\/#primaryimage\"},\"thumbnailUrl\":\"https:\\\/\\\/amizf.com\\\/wp-content\\\/uploads\\\/2021\\\/12\\\/producto-5.png\",\"datePublished\":\"2021-12-23T00:46:56+00:00\",\"dateModified\":\"2021-12-23T00:46:57+00:00\",\"description\":\"En Arcangel Miguel Internacional tenemos altos est\u00e1ndares de calidad y de manufactura, comercializamos Materiales de empaque y mucho m\u00e1s!\",\"breadcrumb\":{\"@id\":\"https:\\\/\\\/amizf.com\\\/en\\\/producto\\\/materiales-de-empaque\\\/#breadcrumb\"},\"inLanguage\":\"en-US\",\"potentialAction\":[{\"@type\":\"ReadAction\",\"target\":[\"https:\\\/\\\/amizf.com\\\/en\\\/producto\\\/materiales-de-empaque\\\/\"]}]},{\"@type\":\"ImageObject\",\"inLanguage\":\"en-US\",\"@id\":\"https:\\\/\\\/amizf.com\\\/en\\\/producto\\\/materiales-de-empaque\\\/#primaryimage\",\"url\":\"https:\\\/\\\/amizf.com\\\/wp-content\\\/uploads\\\/2021\\\/12\\\/producto-5.png\",\"contentUrl\":\"https:\\\/\\\/amizf.com\\\/wp-content\\\/uploads\\\/2021\\\/12\\\/producto-5.png\",\"width\":600,\"height\":450,\"caption\":\"Materiales de empaque\"},{\"@type\":\"BreadcrumbList\",\"@id\":\"https:\\\/\\\/amizf.com\\\/en\\\/producto\\\/materiales-de-empaque\\\/#breadcrumb\",\"itemListElement\":[{\"@type\":\"ListItem\",\"position\":1,\"name\":\"Productos\",\"item\":\"https:\\\/\\\/amizf.com\\\/en\\\/shop\\\/\"},{\"@type\":\"ListItem\",\"position\":2,\"name\":\"Materiales de empaque\"}]},{\"@type\":\"WebSite\",\"@id\":\"https:\\\/\\\/amizf.com\\\/en\\\/#website\",\"url\":\"https:\\\/\\\/amizf.com\\\/en\\\/\",\"name\":\"Arcangel Miguel\",\"description\":\"Internacional\",\"publisher\":{\"@id\":\"https:\\\/\\\/amizf.com\\\/en\\\/#organization\"},\"potentialAction\":[{\"@type\":\"SearchAction\",\"target\":{\"@type\":\"EntryPoint\",\"urlTemplate\":\"https:\\\/\\\/amizf.com\\\/en\\\/?s={search_term_string}\"},\"query-input\":{\"@type\":\"PropertyValueSpecification\",\"valueRequired\":true,\"valueName\":\"search_term_string\"}}],\"inLanguage\":\"en-US\"},{\"@type\":\"Organization\",\"@id\":\"https:\\\/\\\/amizf.com\\\/en\\\/#organization\",\"name\":\"Arcangel miguel international\",\"alternateName\":\"AMI\",\"url\":\"https:\\\/\\\/amizf.com\\\/en\\\/\",\"logo\":{\"@type\":\"ImageObject\",\"inLanguage\":\"en-US\",\"@id\":\"https:\\\/\\\/amizf.com\\\/en\\\/#\\\/schema\\\/logo\\\/image\\\/\",\"url\":\"\",\"contentUrl\":\"\",\"caption\":\"Arcangel miguel international\"},\"image\":{\"@id\":\"https:\\\/\\\/amizf.com\\\/en\\\/#\\\/schema\\\/logo\\\/image\\\/\"}}]}<\/script>\n<!-- \/ Yoast SEO plugin. -->","yoast_head_json":{"title":"Materiales de empaque - Arcangel Miguel","description":"En Arcangel Miguel Internacional tenemos altos est\u00e1ndares de calidad y de manufactura, comercializamos Materiales de empaque y mucho m\u00e1s!","robots":{"index":"index","follow":"follow","max-snippet":"max-snippet:-1","max-image-preview":"max-image-preview:large","max-video-preview":"max-video-preview:-1"},"canonical":"https:\/\/amizf.com\/en\/producto\/materiales-de-empaque\/","og_locale":"en_US","og_type":"article","og_title":"Materiales de empaque - Arcangel Miguel","og_description":"En Arcangel Miguel Internacional tenemos altos est\u00e1ndares de calidad y de manufactura, comercializamos Materiales de empaque y mucho m\u00e1s!","og_url":"https:\/\/amizf.com\/en\/producto\/materiales-de-empaque\/","og_site_name":"Arcangel Miguel","article_modified_time":"2021-12-23T00:46:57+00:00","og_image":[{"width":600,"height":450,"url":"https:\/\/amizf.com\/wp-content\/uploads\/2021\/12\/producto-5.png","type":"image\/png"}],"twitter_card":"summary_large_image","twitter_misc":{"Est. reading time":"1 minute"},"schema":{"@context":"https:\/\/schema.org","@graph":[{"@type":"WebPage","@id":"https:\/\/amizf.com\/en\/producto\/materiales-de-empaque\/","url":"https:\/\/amizf.com\/en\/producto\/materiales-de-empaque\/","name":"Materiales de empaque - Arcangel Miguel","isPartOf":{"@id":"https:\/\/amizf.com\/en\/#website"},"primaryImageOfPage":{"@id":"https:\/\/amizf.com\/en\/producto\/materiales-de-empaque\/#primaryimage"},"image":{"@id":"https:\/\/amizf.com\/en\/producto\/materiales-de-empaque\/#primaryimage"},"thumbnailUrl":"https:\/\/amizf.com\/wp-content\/uploads\/2021\/12\/producto-5.png","datePublished":"2021-12-23T00:46:56+00:00","dateModified":"2021-12-23T00:46:57+00:00","description":"En Arcangel Miguel Internacional tenemos altos est\u00e1ndares de calidad y de manufactura, comercializamos Materiales de empaque y mucho m\u00e1s!","breadcrumb":{"@id":"https:\/\/amizf.com\/en\/producto\/materiales-de-empaque\/#breadcrumb"},"inLanguage":"en-US","potentialAction":[{"@type":"ReadAction","target":["https:\/\/amizf.com\/en\/producto\/materiales-de-empaque\/"]}]},{"@type":"ImageObject","inLanguage":"en-US","@id":"https:\/\/amizf.com\/en\/producto\/materiales-de-empaque\/#primaryimage","url":"https:\/\/amizf.com\/wp-content\/uploads\/2021\/12\/producto-5.png","contentUrl":"https:\/\/amizf.com\/wp-content\/uploads\/2021\/12\/producto-5.png","width":600,"height":450,"caption":"Materiales de empaque"},{"@type":"BreadcrumbList","@id":"https:\/\/amizf.com\/en\/producto\/materiales-de-empaque\/#breadcrumb","itemListElement":[{"@type":"ListItem","position":1,"name":"Productos","item":"https:\/\/amizf.com\/en\/shop\/"},{"@type":"ListItem","position":2,"name":"Materiales de empaque"}]},{"@type":"WebSite","@id":"https:\/\/amizf.com\/en\/#website","url":"https:\/\/amizf.com\/en\/","name":"Arcangel Miguel","description":"Internacional","publisher":{"@id":"https:\/\/amizf.com\/en\/#organization"},"potentialAction":[{"@type":"SearchAction","target":{"@type":"EntryPoint","urlTemplate":"https:\/\/amizf.com\/en\/?s={search_term_string}"},"query-input":{"@type":"PropertyValueSpecification","valueRequired":true,"valueName":"search_term_string"}}],"inLanguage":"en-US"},{"@type":"Organization","@id":"https:\/\/amizf.com\/en\/#organization","name":"Arcangel miguel international","alternateName":"AMI","url":"https:\/\/amizf.com\/en\/","logo":{"@type":"ImageObject","inLanguage":"en-US","@id":"https:\/\/amizf.com\/en\/#\/schema\/logo\/image\/","url":"","contentUrl":"","caption":"Arcangel miguel international"},"image":{"@id":"https:\/\/amizf.com\/en\/#\/schema\/logo\/image\/"}}]}},"_links":{"self":[{"href":"https:\/\/amizf.com\/en\/wp-json\/wp\/v2\/product\/16177","targetHints":{"allow":["GET"]}}],"collection":[{"href":"https:\/\/amizf.com\/en\/wp-json\/wp\/v2\/product"}],"about":[{"href":"https:\/\/amizf.com\/en\/wp-json\/wp\/v2\/types\/product"}],"wp:featuredmedia":[{"embeddable":true,"href":"https:\/\/amizf.com\/en\/wp-json\/wp\/v2\/media\/16033"}],"wp:attachment":[{"href":"https:\/\/amizf.com\/en\/wp-json\/wp\/v2\/media?parent=16177"}],"wp:term":[{"taxonomy":"product_brand","embeddable":true,"href":"https:\/\/amizf.com\/en\/wp-json\/wp\/v2\/product_brand?post=16177"},{"taxonomy":"product_cat","embeddable":true,"href":"https:\/\/amizf.com\/en\/wp-json\/wp\/v2\/product_cat?post=16177"},{"taxonomy":"product_tag","embeddable":true,"href":"https:\/\/amizf.com\/en\/wp-json\/wp\/v2\/product_tag?post=16177"}],"curies":[{"name":"wp","href":"https:\/\/api.w.org\/{rel}","templated":true}]}}